{"id":1335,"date":"2022-04-27T11:07:41","date_gmt":"2022-04-27T09:07:41","guid":{"rendered":"https:\/\/edelweiss-hotel.it\/?page_id=1335"},"modified":"2025-10-10T09:52:28","modified_gmt":"2025-10-10T07:52:28","slug":"the-hotel","status":"publish","type":"page","link":"https:\/\/edelweiss-hotel.it\/?page_id=1335","title":{"rendered":"Das Hotel"},"content":{"rendered":"<p>[et_pb_section fb_built=&#8221;1&#8243; module_id=&#8221;restaurant-banner&#8221; _builder_version=&#8221;4.16&#8243; background_color=&#8221;RGBA(0,0,0,0)&#8221; background_image=&#8221;http:\/\/edelweiss-hotel.it\/wp-content\/uploads\/2022\/07\/IMG_5784-scaled.jpg&#8221; parallax=&#8221;on&#8221; custom_padding=&#8221;300px||300px|&#8221; global_colors_info=&#8221;{}&#8221;][et_pb_row _builder_version=&#8221;4.16&#8243; background_size=&#8221;initial&#8221; background_position=&#8221;top_left&#8221; background_repeat=&#8221;repeat&#8221; global_colors_info=&#8221;{}&#8221;][et_pb_column type=&#8221;4_4&#8243; _builder_version=&#8221;4.16&#8243; custom_padding=&#8221;|||&#8221; global_colors_info=&#8221;{}&#8221; custom_padding__hover=&#8221;|||&#8221;][dnxt_next_text_highlight highlight_text=&#8221;Das Hotel&#8221; heading_tag=&#8221;h1&#8243; highlight_alignment=&#8221;center&#8221; stroke_color=&#8221;#FDFCFB&#8221; _builder_version=&#8221;4.16&#8243; _module_preset=&#8221;default&#8221; heading_fonts_font=&#8221;Alex Brush||||||||&#8221; animation_fonts_font=&#8221;Cormorant Garamond||on||||||&#8221; animation_fonts_text_color=&#8221;#FDFCFB&#8221; animation_fonts_font_size=&#8221;120px&#8221; animation_fonts_letter_spacing=&#8221;3px&#8221; animation_fonts_font_size_tablet=&#8221;100px&#8221; animation_fonts_font_size_phone=&#8221;70px&#8221; animation_fonts_font_size_last_edited=&#8221;on|tablet&#8221; animation_fonts_text_shadow_style=&#8221;preset3&#8243; animation_fonts_text_shadow_color=&#8221;#FDFCFB&#8221; global_colors_info=&#8221;{}&#8221; animation_fonts_text_shadow_horizontal_length__hover_enabled=&#8221;off|desktop&#8221;][\/dnxt_next_text_highlight][et_pb_button button_url=&#8221;https:\/\/www.secure-reservation.cloud\/booking-engine\/?portal=hoteledelweiss-brezonesulgarda&#038;lang=de&#8221; button_text=&#8221;DIREKT BUCHUNG&#8221; button_alignment=&#8221;center&#8221; disabled_on=&#8221;off|off|off&#8221; _builder_version=&#8221;4.16&#8243; _module_preset=&#8221;default&#8221; custom_button=&#8221;on&#8221; button_text_size=&#8221;20px&#8221; button_text_color=&#8221;#FDFCFB&#8221; button_bg_color=&#8221;rgba(0,94,42,0.63)&#8221; button_border_width=&#8221;2px&#8221; button_border_radius=&#8221;15px&#8221; button_letter_spacing=&#8221;0px&#8221; button_font=&#8221;Cormorant Garamond|700|||||||&#8221; global_colors_info=&#8221;{}&#8221;][\/et_pb_button][\/et_pb_column][\/et_pb_row][\/et_pb_section][et_pb_section fb_built=&#8221;1&#8243; module_id=&#8221;restaurant-history&#8221; _builder_version=&#8221;4.16&#8243; background_enable_color=&#8221;off&#8221; use_background_color_gradient=&#8221;on&#8221; background_color_gradient_stops=&#8221;rgba(0,94,42,0.63) 0%|#ffffff 100%&#8221; background_color_gradient_start=&#8221;rgba(0,94,42,0.63)&#8221; background_color_gradient_end=&#8221;#ffffff&#8221; custom_margin=&#8221;||102px|||&#8221; custom_padding=&#8221;||24px|||&#8221; locked=&#8221;off&#8221; global_colors_info=&#8221;{}&#8221;][et_pb_row column_structure=&#8221;1_2,1_2&#8243; make_equal=&#8221;on&#8221; _builder_version=&#8221;4.16&#8243; custom_padding=&#8221;27px||0px|||&#8221; scroll_blur_enable=&#8221;on&#8221; global_colors_info=&#8221;{}&#8221;][et_pb_column type=&#8221;1_2&#8243; module_class=&#8221;res-col1&#8243; _builder_version=&#8221;4.16&#8243; background_color=&#8221;#FDFCFB&#8221; custom_padding=&#8221;50px|50px|50px|50px&#8221; box_shadow_style=&#8221;preset1&#8243; global_colors_info=&#8221;{}&#8221; custom_padding__hover=&#8221;|||&#8221;][et_pb_text _builder_version=&#8221;4.16&#8243; text_font=&#8221;Poppins||||||||&#8221; text_text_color=&#8221;#efefef&#8221; header_2_font=&#8221;Cormorant Garamond|600|on||||||&#8221; header_2_text_align=&#8221;center&#8221; header_2_text_color=&#8221;rgba(0,94,42,0.63)&#8221; header_2_font_size=&#8221;47px&#8221; text_orientation=&#8221;center&#8221; custom_margin=&#8221;||0px|&#8221; global_colors_info=&#8221;{}&#8221;]<\/p>\n<h2>Edelweiss Hotel<\/h2>\n<p>[\/et_pb_text][et_pb_divider divider_position=&#8221;center&#8221; divider_weight=&#8221;3px&#8221; _builder_version=&#8221;4.16&#8243; _module_preset=&#8221;default&#8221; width=&#8221;10%&#8221; module_alignment=&#8221;center&#8221; global_colors_info=&#8221;{}&#8221;][\/et_pb_divider][et_pb_text disabled_on=&#8221;off|off|off&#8221; _builder_version=&#8221;4.16&#8243; text_font=&#8221;Cormorant Garamond||||||||&#8221; text_text_color=&#8221;#000000&#8243; text_font_size=&#8221;20px&#8221; text_orientation=&#8221;center&#8221; global_colors_info=&#8221;{}&#8221;]<\/p>\n<div class=\"et_pb_module dnxt_next_text_animation dnxt_next_text_animation_2\">\n<div class=\"et_pb_module_inner\">\n<div class=\"dnxt-animation-intro\">\n<p>befindet sich in Prada Alta, in der Gemeinde Brenzone sul Garda, auf etwa tausend Metern \u00fcber dem Meeresspiegel. Das Anwesen befindet sich direkt am Fu\u00dfe der Costabella-Seilbahn, die sich derzeit im Bau befindet und Ihnen erm\u00f6glicht, Cima Costabella auf 2.218 Metern zu erreichen.<\/p>\n<p>Die sch\u00f6ne Lage mitten in der Natur bietet die M\u00f6glichkeit, ein paar Tage purer Entspannung zwischen atemberaubender Aussicht und regenerierenden Umgebungen zu verbringen.<\/p>\n<\/div>\n<\/div>\n<\/div>\n<div class=\"et_pb_module et_pb_text et_pb_text_6  et_pb_text_align_center et_pb_bg_layout_light\">\n<div class=\"et_pb_text_inner\">\n<p>Lassen Sie sich von der Familie Zamperini verw\u00f6hnen, mit ihrem herzlichen Empfang und ihrer ausgezeichneten K\u00fcche wird Ihr Aufenthalt unvergesslich!<\/p>\n<\/div>\n<\/div>\n<p>[\/et_pb_text][\/et_pb_column][et_pb_column type=&#8221;1_2&#8243; module_class=&#8221;res-col2&#8243; _builder_version=&#8221;4.16&#8243; background_image=&#8221;http:\/\/edelweiss-hotel.it\/wp-content\/uploads\/2022\/07\/IMG_9985-scaled.jpg&#8221; parallax=&#8221;on&#8221; custom_padding=&#8221;185px||180px|&#8221; global_colors_info=&#8221;{}&#8221; custom_padding__hover=&#8221;|||&#8221;][\/et_pb_column][\/et_pb_row][\/et_pb_section][et_pb_section fb_built=&#8221;1&#8243; _builder_version=&#8221;4.16&#8243; _module_preset=&#8221;default&#8221; background_color=&#8221;#FFFFFF&#8221; custom_padding=&#8221;2px||27px|||&#8221; global_colors_info=&#8221;{}&#8221;][et_pb_row make_equal=&#8221;on&#8221; _builder_version=&#8221;4.16&#8243; custom_padding=&#8221;27px||0px|||&#8221; scroll_blur_enable=&#8221;on&#8221; global_colors_info=&#8221;{}&#8221;][et_pb_column type=&#8221;4_4&#8243; module_class=&#8221;res-col1&#8243; _builder_version=&#8221;4.16&#8243; background_color=&#8221;#FDFCFB&#8221; custom_padding=&#8221;50px|50px|50px|50px&#8221; box_shadow_style=&#8221;preset1&#8243; global_colors_info=&#8221;{}&#8221; custom_padding__hover=&#8221;|||&#8221;][et_pb_text _builder_version=&#8221;4.16&#8243; text_font=&#8221;Poppins||||||||&#8221; text_text_color=&#8221;#efefef&#8221; header_2_font=&#8221;Cormorant Garamond|600|on||||||&#8221; header_2_text_align=&#8221;center&#8221; header_2_text_color=&#8221;rgba(0,94,42,0.63)&#8221; header_2_font_size=&#8221;47px&#8221; text_orientation=&#8221;center&#8221; custom_margin=&#8221;||0px|&#8221; global_colors_info=&#8221;{}&#8221;]<\/p>\n<h2>Die Zimmer<\/h2>\n<p>[\/et_pb_text][et_pb_divider divider_position=&#8221;center&#8221; divider_weight=&#8221;3px&#8221; _builder_version=&#8221;4.16&#8243; _module_preset=&#8221;default&#8221; width=&#8221;10%&#8221; module_alignment=&#8221;center&#8221; global_colors_info=&#8221;{}&#8221;][\/et_pb_divider][et_pb_text _builder_version=&#8221;4.16&#8243; text_font=&#8221;Cormorant Garamond||||||||&#8221; text_text_color=&#8221;#000000&#8243; text_font_size=&#8221;20px&#8221; text_orientation=&#8221;center&#8221; global_colors_info=&#8221;{}&#8221;]<\/p>\n<p>Unsere Zimmer sind alle mit eigenem Bad mit Dusche und kostenlosen Toilettenartikeln, Haartrockner, LCD-TV, Fliesenb\u00f6den ohne Teppich und Holzm\u00f6beln ausgestattet.<\/p>\n<p>Einige Zimmer verf\u00fcgen \u00fcber einen sch\u00f6nen blumigen Balkon mit Blick auf die umliegende Natur des Monte Baldo.<\/p>\n<p>[\/et_pb_text][\/et_pb_column][\/et_pb_row][\/et_pb_section][et_pb_section fb_built=&#8221;1&#8243; _builder_version=&#8221;4.16&#8243; _module_preset=&#8221;default&#8221; background_color=&#8221;#FFFFFF&#8221; custom_margin=&#8221;77px|||||&#8221; global_colors_info=&#8221;{}&#8221;][et_pb_row _builder_version=&#8221;4.16&#8243; _module_preset=&#8221;default&#8221; width=&#8221;100%&#8221; max_width=&#8221;1250px&#8221; global_colors_info=&#8221;{}&#8221;][et_pb_column type=&#8221;4_4&#8243; _builder_version=&#8221;4.16&#8243; _module_preset=&#8221;default&#8221; global_colors_info=&#8221;{}&#8221;][modula_gallery gallery_select=&#8221;185&#8243; _builder_version=&#8221;4.16&#8243; _module_preset=&#8221;default&#8221; background_color=&#8221;RGBA(0,0,0,0)&#8221; global_colors_info=&#8221;{}&#8221;][\/modula_gallery][\/et_pb_column][\/et_pb_row][\/et_pb_section][et_pb_section fb_built=&#8221;1&#8243; next_background_color=&#8221;#FFFFFF&#8221; module_id=&#8221;restaurant-history&#8221; _builder_version=&#8221;4.16&#8243; background_color=&#8221;RGBA(0,0,0,0)&#8221; use_background_color_gradient=&#8221;on&#8221; background_color_gradient_stops=&#8221;#ffffff 0%|rgba(0,94,42,0.63) 100%&#8221; background_color_gradient_start=&#8221;#ffffff&#8221; background_color_gradient_end=&#8221;rgba(0,94,42,0.63)&#8221; custom_margin=&#8221;||109px|||&#8221; custom_padding=&#8221;||82px|||&#8221; bottom_divider_style=&#8221;mountains2&#8243; bottom_divider_height=&#8221;40px&#8221; bottom_divider_repeat=&#8221;6x&#8221; locked=&#8221;off&#8221; global_colors_info=&#8221;{}&#8221;][et_pb_row make_equal=&#8221;on&#8221; disabled_on=&#8221;on|on|off&#8221; _builder_version=&#8221;4.16&#8243; custom_padding=&#8221;146px||0px|||&#8221; scroll_blur_enable=&#8221;on&#8221; global_colors_info=&#8221;{}&#8221;][et_pb_column type=&#8221;4_4&#8243; module_class=&#8221;res-col1&#8243; _builder_version=&#8221;4.16&#8243; background_color=&#8221;#FDFCFB&#8221; custom_padding=&#8221;50px|50px|50px|50px&#8221; box_shadow_style=&#8221;preset1&#8243; global_colors_info=&#8221;{}&#8221; custom_padding__hover=&#8221;|||&#8221;][et_pb_text _builder_version=&#8221;4.16&#8243; text_font=&#8221;Poppins||||||||&#8221; text_text_color=&#8221;#efefef&#8221; header_font=&#8221;Alex Brush||||||||&#8221; header_2_font=&#8221;Cormorant Garamond|600|on||||||&#8221; header_2_text_align=&#8221;center&#8221; header_2_text_color=&#8221;rgba(0,94,42,0.63)&#8221; header_2_font_size=&#8221;47px&#8221; text_orientation=&#8221;center&#8221; custom_margin=&#8221;||0px|&#8221; global_colors_info=&#8221;{}&#8221;]<\/p>\n<h2>Unsere Preise<\/h2>\n<p>[\/et_pb_text][et_pb_divider divider_position=&#8221;center&#8221; divider_weight=&#8221;3px&#8221; _builder_version=&#8221;4.16&#8243; _module_preset=&#8221;default&#8221; width=&#8221;10%&#8221; module_alignment=&#8221;center&#8221; global_colors_info=&#8221;{}&#8221;][\/et_pb_divider][et_pb_tabs _builder_version=&#8221;4.24.0&#8243; _module_preset=&#8221;default&#8221; body_font=&#8221;Cormorant Garamond||||||||&#8221; body_font_size=&#8221;16px&#8221; tab_font=&#8221;Cormorant Garamond||||||||&#8221; tab_font_size=&#8221;18px&#8221; width=&#8221;100%&#8221; max_width=&#8221;100%&#8221; custom_margin=&#8221;69px|||||&#8221; body_font_size_tablet=&#8221;&#8221; body_font_size_phone=&#8221;12px&#8221; body_font_size_last_edited=&#8221;on|phone&#8221; global_colors_info=&#8221;{}&#8221;][et_pb_tab title=&#8221;BIS 30\/07 UND NACH 21\/08\/2021&#8243; _builder_version=&#8221;4.24.0&#8243; _module_preset=&#8221;default&#8221; body_text_align=&#8221;center&#8221; hover_enabled=&#8221;0&#8243; global_colors_info=&#8221;{}&#8221; sticky_enabled=&#8221;0&#8243;]<\/p>\n<table border=\"1\" style=\"width: 80%; border-collapse: collapse; margin-left: auto; margin-right: auto;\">\n<tbody>\n<tr>\n<td style=\"width: 20%; text-align: center;\"><\/td>\n<td style=\"width: 20%; text-align: center;\">\n<p class=\"p1\"><span style=\"text-decoration: underline;\">Nur Zimmer<\/span><\/p>\n<\/td>\n<td style=\"width: 20%; text-align: center;\"><\/td>\n<\/tr>\n<tr>\n<td style=\"width: 20%; text-align: center;\">\n<p class=\"p1\">Einzelzimmer<\/p>\n<\/td>\n<td style=\"width: 20%; text-align: center;\">\n<p class=\"p1\">40 + 1 tax<\/p>\n<\/td>\n<td style=\"width: 20%; text-align: center;\"><\/td>\n<\/tr>\n<tr>\n<td style=\"width: 20%; text-align: center;\">\n<p class=\"p1\">Doppelzimmer ohne Balkon<\/p>\n<\/td>\n<td style=\"width: 20%; text-align: center;\">\n<p class=\"p1\">70 + 2 tax<\/p>\n<\/td>\n<td style=\"width: 20%; text-align: center;\"><\/td>\n<\/tr>\n<tr>\n<td style=\"width: 20%; text-align: center;\">\n<p class=\"p1\">Doppelzimmer mit Balkon<\/p>\n<\/td>\n<td style=\"width: 20%; text-align: center;\">\n<p class=\"p1\">80 + 2 tax<\/p>\n<\/td>\n<td style=\"width: 20%; text-align: center;\"><\/td>\n<\/tr>\n<tr>\n<td style=\"width: 20%; text-align: center;\">\n<p class=\"p1\">Dreibettzimmer mit Balkon<\/p>\n<\/td>\n<td style=\"width: 20%; text-align: center;\">\n<p class=\"p1\">110 + 3 tax<\/p>\n<\/td>\n<td style=\"width: 20%; text-align: center;\"><\/td>\n<\/tr>\n<tr>\n<td style=\"width: 20%; text-align: center;\">\n<p class=\"p1\">Vierbettzimmer mit Balkon<\/p>\n<\/td>\n<td style=\"width: 20%; text-align: center;\">\n<p class=\"p1\">130 + 4 tax<\/p>\n<\/td>\n<td style=\"width: 20%; text-align: center;\"><\/td>\n<\/tr>\n<\/tbody>\n<\/table>\n<p>[\/et_pb_tab][et_pb_tab title=&#8221;VOM 31\/07 BIS 21\/08\/2021&#8243; _builder_version=&#8221;4.24.0&#8243; _module_preset=&#8221;default&#8221; hover_enabled=&#8221;0&#8243; global_colors_info=&#8221;{}&#8221; sticky_enabled=&#8221;0&#8243;]<\/p>\n<table border=\"1\" style=\"border-collapse: collapse; width: 100%;\">\n<tbody>\n<tr>\n<td style=\"width: 20%; text-align: center;\"><\/td>\n<td style=\"width: 20%; text-align: center;\">\n<p class=\"p1\"><span style=\"text-decoration: underline;\">Nur Zimmer<\/span><\/p>\n<\/td>\n<td style=\"width: 20%; text-align: center;\"><\/td>\n<\/tr>\n<tr>\n<td style=\"width: 20%; text-align: center;\">\n<p class=\"p1\">Einzelzimmer<\/p>\n<\/td>\n<td style=\"width: 20%; text-align: center;\">\n<p class=\"p1\">50 + 1 tax<\/p>\n<\/td>\n<td style=\"width: 20%; text-align: center;\"><\/td>\n<\/tr>\n<tr>\n<td style=\"width: 20%; text-align: center;\">\n<p class=\"p1\">Doppelzimmer mit Balkon<\/p>\n<\/td>\n<td style=\"width: 20%; text-align: center;\">\n<p class=\"p1\">90 + 2 tax<\/p>\n<\/td>\n<td style=\"width: 20%; text-align: center;\"><\/td>\n<\/tr>\n<tr>\n<td style=\"width: 20%; text-align: center;\">\n<p class=\"p1\">Doppelzimmer ohne Balkon<\/p>\n<\/td>\n<td style=\"width: 20%; text-align: center;\">\n<p class=\"p1\">80 + 2 tax<\/p>\n<\/td>\n<td style=\"width: 20%; text-align: center;\"><\/td>\n<\/tr>\n<tr>\n<td style=\"width: 20%; text-align: center;\">\n<p class=\"p1\">Dreibettzimmer mit Balkon<\/p>\n<\/td>\n<td style=\"width: 20%; text-align: center;\">\n<p class=\"p1\">120 + 3 tax<\/p>\n<\/td>\n<td style=\"width: 20%; text-align: center;\"><\/td>\n<\/tr>\n<tr>\n<td style=\"width: 20%; text-align: center;\">\n<p class=\"p1\">Vierbettzimmer mit Balkon<\/p>\n<\/td>\n<td style=\"width: 20%; text-align: center;\">\n<p class=\"p1\">140 + 4 tax<\/p>\n<\/td>\n<td style=\"width: 20%; text-align: center;\"><\/td>\n<\/tr>\n<\/tbody>\n<\/table>\n<p>[\/et_pb_tab][\/et_pb_tabs][\/et_pb_column][\/et_pb_row][\/et_pb_section][et_pb_section fb_built=&#8221;1&#8243; module_id=&#8221;#modulo&#8221; module_class=&#8221;#modulo&#8221; _builder_version=&#8221;4.16&#8243; _module_preset=&#8221;default&#8221; background_color=&#8221;#FFFFFF&#8221; custom_margin=&#8221;-98px|||||&#8221; custom_padding=&#8221;86px|||||&#8221; global_colors_info=&#8221;{}&#8221;][et_pb_row module_id=&#8221;modulo&#8221; _builder_version=&#8221;4.16&#8243; _module_preset=&#8221;default&#8221; global_colors_info=&#8221;{}&#8221;][et_pb_column type=&#8221;4_4&#8243; _builder_version=&#8221;4.16&#8243; _module_preset=&#8221;default&#8221; global_colors_info=&#8221;{}&#8221;][et_pb_text _builder_version=&#8221;4.16&#8243; _module_preset=&#8221;default&#8221; header_font_size=&#8221;23px&#8221; header_2_font=&#8221;Cormorant Garamond||||||||&#8221; header_2_text_align=&#8221;center&#8221; header_2_text_color=&#8221;#000000&#8243; header_2_font_size=&#8221;30px&#8221; header_font_size_tablet=&#8221;&#8221; header_font_size_phone=&#8221;20px&#8221; header_font_size_last_edited=&#8221;on|phone&#8221; header_2_font_size_tablet=&#8221;30px&#8221; header_2_font_size_phone=&#8221;22px&#8221; header_2_font_size_last_edited=&#8221;on|desktop&#8221; global_colors_info=&#8221;{}&#8221;]<\/p>\n<h2>Buchen Sie hier das Zimmer f\u00fcr Ihren Aufenthalt<\/h2>\n<p>[\/et_pb_text][et_pb_button button_url=&#8221;https:\/\/www.secure-reservation.cloud\/booking-engine\/?portal=hoteledelweiss-brezonesulgarda&#038;lang=de&#8221; button_text=&#8221;Direkt Buchung&#8221; button_alignment=&#8221;center&#8221; disabled_on=&#8221;off|off|off&#8221; _builder_version=&#8221;4.16&#8243; _module_preset=&#8221;default&#8221; custom_button=&#8221;on&#8221; button_text_size=&#8221;25px&#8221; button_text_color=&#8221;#FDFCFB&#8221; button_bg_color=&#8221;rgba(0,94,42,0.63)&#8221; button_border_width=&#8221;2px&#8221; button_border_radius=&#8221;15px&#8221; button_letter_spacing=&#8221;0px&#8221; button_font=&#8221;Cormorant Garamond||||||||&#8221; global_colors_info=&#8221;{}&#8221;][\/et_pb_button][et_pb_text _builder_version=&#8221;4.16&#8243; _module_preset=&#8221;default&#8221; header_font_size=&#8221;23px&#8221; header_2_font=&#8221;Cormorant Garamond||||||||&#8221; header_2_text_align=&#8221;center&#8221; header_2_text_color=&#8221;#000000&#8243; header_2_font_size=&#8221;30px&#8221; custom_margin=&#8221;66px|||||&#8221; header_font_size_tablet=&#8221;&#8221; header_font_size_phone=&#8221;20px&#8221; header_font_size_last_edited=&#8221;on|phone&#8221; header_2_font_size_tablet=&#8221;30px&#8221; header_2_font_size_phone=&#8221;22px&#8221; header_2_font_size_last_edited=&#8221;on|desktop&#8221; global_colors_info=&#8221;{}&#8221;]<\/p>\n<h2>Oder senden Sie uns eine E-Mail<\/h2>\n<p>[\/et_pb_text][dnxt_next_text_hover_highlight thh_highlight_text=&#8221;info@edelweiss-hotel.it&#8221; thh_heading_tag=&#8221;h1&#8243; thh_link_url=&#8221;mailto:info@edelweiss-hotel.it&#8221; thh_highlight_color_enable=&#8221;on&#8221; thh_highlight_color=&#8221;rgba(0,94,42,0.63)&#8221; thh_text_alignment=&#8221;center&#8221; _builder_version=&#8221;4.16&#8243; _module_preset=&#8221;default&#8221; thh_plain_text_font=&#8221;||||||||&#8221; thh_plain_text_font_size=&#8221;30px&#8221; thh_plain_text_letter_spacing=&#8221;3px&#8221; thh_plain_text_line_height=&#8221;1em&#8221; thh_highlight_text_font=&#8221;Alex Brush||||||||&#8221; thh_highlight_text_font_size=&#8221;60px&#8221; z_index=&#8221;500&#8243; custom_margin=&#8221;-6px|||||&#8221; custom_padding=&#8221;60px||73px|||&#8221; animation_style=&#8221;fade&#8221; thh_plain_text_font_size_tablet=&#8221;&#8221; thh_plain_text_font_size_phone=&#8221;&#8221; thh_plain_text_font_size_last_edited=&#8221;on|desktop&#8221; thh_highlight_text_font_size_tablet=&#8221;&#8221; thh_highlight_text_font_size_phone=&#8221;40px&#8221; thh_highlight_text_font_size_last_edited=&#8221;on|tablet&#8221; global_colors_info=&#8221;{}&#8221;][\/dnxt_next_text_hover_highlight][\/et_pb_column][\/et_pb_row][\/et_pb_section]<\/p>\n","protected":false},"excerpt":{"rendered":"<p><div class=\"et_pb_module dnxt_next_text_highlight dnxt_next_text_highlight_0\">\n\t\t\t\t\n\t\t\t\t\n\t\t\t\t\n\t\t\t\t\n\t\t\t\t\n\t\t\t\t\n\t\t\t\t<div class=\"et_pb_module_inner\">\n\t\t\t\t\t<h1 class=\"dnxt-highlight-intro  dnext_highlight_alignment_center\">\r\n\t\t\t\t\t\r\n\t\t\t\t\t<span class=\"dnxt-text-highlight-animated-wrapper\">\r\n\t\t\t\t\t\t<span class=\"dnxt-text-highlight dnxt-text-highlight-animated-text\">Das Hotel<\/span>\r\n\t\t\t\t\t\t<span><svg xmlns=\"http:\/\/www.w3.org\/2000\/svg\" viewBox=\"0 0 500 150\" preserveAspectRatio=\"none\"><path d=\"M7.7,145.6C109,125,299.9,116.2,401,121.3c42.1,2.2,87.6,11.8,87.3,25.7\"><\/path><\/svg><\/span>\r\n\t\t\t\t\t<\/span>\r\n\t\t\t\t\t\r\n\t\t\t<\/h1>\n\t\t\t\t<\/div>\n\t\t\t<\/div>Edelweiss Hotel befindet sich in Prada Alta, in der Gemeinde Brenzone sul Garda, auf etwa tausend Metern \u00fcber dem Meeresspiegel. Das Anwesen befindet sich direkt am Fu\u00dfe der Costabella-Seilbahn, die sich derzeit im Bau [&hellip;]<\/p>\n","protected":false},"author":1,"featured_media":0,"parent":0,"menu_order":0,"comment_status":"closed","ping_status":"closed","template":"","meta":{"_et_pb_use_builder":"on","_et_pb_old_content":"<!-- wp:divi\/placeholder \/-->","_et_gb_content_width":"","om_disable_all_campaigns":false,"_monsterinsights_skip_tracking":false,"_monsterinsights_sitenote_active":false,"_monsterinsights_sitenote_note":"","_monsterinsights_sitenote_category":0,"footnotes":""},"class_list":["post-1335","page","type-page","status-publish","hentry"],"aioseo_notices":[],"_links":{"self":[{"href":"https:\/\/edelweiss-hotel.it\/index.php?rest_route=\/wp\/v2\/pages\/1335","targetHints":{"allow":["GET"]}}],"collection":[{"href":"https:\/\/edelweiss-hotel.it\/index.php?rest_route=\/wp\/v2\/pages"}],"about":[{"href":"https:\/\/edelweiss-hotel.it\/index.php?rest_route=\/wp\/v2\/types\/page"}],"author":[{"embeddable":true,"href":"https:\/\/edelweiss-hotel.it\/index.php?rest_route=\/wp\/v2\/users\/1"}],"replies":[{"embeddable":true,"href":"https:\/\/edelweiss-hotel.it\/index.php?rest_route=%2Fwp%2Fv2%2Fcomments&post=1335"}],"version-history":[{"count":17,"href":"https:\/\/edelweiss-hotel.it\/index.php?rest_route=\/wp\/v2\/pages\/1335\/revisions"}],"predecessor-version":[{"id":1925,"href":"https:\/\/edelweiss-hotel.it\/index.php?rest_route=\/wp\/v2\/pages\/1335\/revisions\/1925"}],"wp:attachment":[{"href":"https:\/\/edelweiss-hotel.it\/index.php?rest_route=%2Fwp%2Fv2%2Fmedia&parent=1335"}],"curies":[{"name":"wp","href":"https:\/\/api.w.org\/{rel}","templated":true}]}}